{"id":5785,"date":"2020-10-05T11:18:19","date_gmt":"2020-10-05T11:18:19","guid":{"rendered":"https:\/\/wordpress-ags-atlantis-c7b0a5dmamd7a6ay.northeurope-01.azurewebsites.net\/?page_id=5785"},"modified":"2021-02-03T18:53:49","modified_gmt":"2021-02-03T18:53:49","slug":"solucion-integral-vehiculos-camaras","status":"publish","type":"page","link":"https:\/\/www.ags-atlantis.es\/en\/soluciones\/solucion-integral-vehiculos-camaras\/","title":{"rendered":"Integral solution for vehicles and Cold Rooms"},"content":{"rendered":"<div class=\"wpb-content-wrapper\"><div data-vc-full-width=\"true\" data-vc-full-width-temp=\"true\" data-vc-full-width-init=\"false\" class=\"vc_row wpb_row vc_row-fluid vc_custom_1607452032924 vc_row-has-fill vc_row-o-content-top vc_row-flex\"><div class=\"wpb_column vc_column_container vc_col-sm-12\"><div class=\"vc_column-inner\"><div class=\"wpb_wrapper\"><div class=\"vc_empty_space\"   style=\"height: 550px\"><span class=\"vc_empty_space_inner\"><\/span><\/div>\n\t<div class=\"wpb_text_column wpb_content_element\" >\n\t\t<div class=\"wpb_wrapper\">\n\t\t\t<h1><span style=\"color: #ededed;\">Integral solution for vehicles and Cold Rooms<\/span><\/h1>\n\n\t\t<\/div>\n\t<\/div>\n<\/div><\/div><\/div><\/div><div class=\"vc_row-full-width vc_clearfix\"><\/div><div class=\"vc_row wpb_row vc_row-fluid\"><div class=\"wpb_column vc_column_container vc_col-sm-12\"><div class=\"vc_column-inner\"><div class=\"wpb_wrapper\">\n\t<div class=\"wpb_text_column wpb_content_element\" >\n\t\t<div class=\"wpb_wrapper\">\n\t\t\t<h3 class=\"translation-block\">Our Integral solution combines solutions for vehicles and cold storage rooms. It is specially designed for customers who need telematic control both in their vehicles and in their distribution centers.<\/h3>\n<h4 class=\"translation-block\">With this solution you will have total control over your vehicles (temperature, consumption, driving times and much more), and you will be able to centrally and easily control all your cold rooms from a single interface. Our mobile app will allow you to maintain control even when you are far from the facilities, and you can also provide external access to customers to increase the added value of the service.<\/h4>\n\n\t\t<\/div>\n\t<\/div>\n<\/div><\/div><\/div><\/div><div data-vc-full-width=\"true\" data-vc-full-width-temp=\"true\" data-vc-full-width-init=\"false\" class=\"vc_row wpb_row vc_row-fluid vc_custom_1607465322756 vc_row-has-fill\"><div class=\"wpb_column vc_column_container vc_col-sm-12\"><div class=\"vc_column-inner\"><div class=\"wpb_wrapper\">\n\t<div class=\"wpb_text_column wpb_content_element\" >\n\t\t<div class=\"wpb_wrapper\">\n\t\t\t<h3 style=\"text-align: center;\">Integral solution for Professional Transportation and Cold Rooms<\/h3>\n<p><img loading=\"lazy\" decoding=\"async\" class=\"alignnone size-full wp-image-7732\" src=\"\/wp-content\/uploads\/2021\/02\/Solucion-Integral-1.png\" alt=\"\" width=\"1400\" height=\"747\" srcset=\"\/wp-content\/uploads\/2021\/02\/Solucion-Integral-1.png 1650w, \/wp-content\/uploads\/2021\/02\/Solucion-Integral-1-300x160.png 300w, \/wp-content\/uploads\/2021\/02\/Solucion-Integral-1-1024x546.png 1024w, \/wp-content\/uploads\/2021\/02\/Solucion-Integral-1-768x410.png 768w, \/wp-content\/uploads\/2021\/02\/Solucion-Integral-1-1536x819.png 1536w, \/wp-content\/uploads\/2021\/02\/Solucion-Integral-1-16x9.png 16w, \/wp-content\/uploads\/2021\/02\/Solucion-Integral-1-1200x640.png 1200w, \/wp-content\/uploads\/2021\/02\/Solucion-Integral-1-400x213.png 400w\" sizes=\"auto, (max-width: 1400px) 100vw, 1400px\" \/><\/p>\n\n\t\t<\/div>\n\t<\/div>\n<\/div><\/div><\/div><\/div><div class=\"vc_row-full-width vc_clearfix\"><\/div><div data-vc-full-width=\"true\" data-vc-full-width-temp=\"true\" data-vc-full-width-init=\"false\" class=\"vc_row wpb_row vc_row-fluid vc_custom_1611872491237 vc_row-has-fill\"><div class=\"wpb_column vc_column_container vc_col-sm-12\"><div class=\"vc_column-inner\"><div class=\"wpb_wrapper\"><div class=\"vc_empty_space\"   style=\"height: 50px\"><span class=\"vc_empty_space_inner\"><\/span><\/div><\/div><\/div><\/div><\/div><div class=\"vc_row-full-width vc_clearfix\"><\/div>\n<\/div>","protected":false},"excerpt":{"rendered":"<p class=\"translation-block\"><b>Our comprehensive solution offers control over the vehicles<\/b>(temperature, consumption, driving times...), and you will be able to control in a centralized and simple way and all your cold rooms from a single interface.<\/p>\n<p class=\"translation-block\"><strong>Our mobile app will allow you to keep control even when you are far away<\/strong> from the facilities, and you will also be able to provide external access to customers to increase the added value of the service.<\/p>\n<p class=\"translation-block\">Nuestras distintas <strong>aplicaciones disponibles para los <a href=\"\/en\/apps-moviles\/\" target=\"_self\">dispositivos m\u00f3viles<\/a><\/strong> te permitir\u00e1n mantener el control en todo momento, y podr\u00e1s brindar acceso externo a los clientes.<\/p>","protected":false},"author":2,"featured_media":5677,"parent":17,"menu_order":0,"comment_status":"closed","ping_status":"closed","template":"","meta":{"footnotes":""},"class_list":["post-5785","page","type-page","status-publish","has-post-thumbnail","hentry"],"yoast_head":"<!-- This site is optimized with the Yoast SEO plugin v27.4 - https:\/\/yoast.com\/product\/yoast-seo-wordpress\/ -->\n<title>Soluci\u00f3n integral para veh\u00edculos y c\u00e1maras - Atlantis Global System<\/title>\n<meta name=\"robots\" content=\"index, follow, max-snippet:-1, max-image-preview:large, max-video-preview:-1\" \/>\n<link rel=\"canonical\" href=\"https:\/\/www.ags-atlantis.es\/en\/soluciones\/solucion-integral-vehiculos-camaras\/\" \/>\n<meta property=\"og:locale\" content=\"en_US\" \/>\n<meta property=\"og:type\" content=\"article\" \/>\n<meta property=\"og:title\" content=\"Soluci\u00f3n integral para veh\u00edculos y c\u00e1maras - Atlantis Global System\" \/>\n<meta property=\"og:description\" content=\"Nuestra Soluci\u00f3n Integral combina nuestras soluciones para Transporte Profesional y para C\u00e1maras Frigor\u00edficas. Est\u00e1 especialmente dise\u00f1ada para clientes que necesitan control y gesti\u00f3n telem\u00e1tica en tiempo real de sus flotas de veh\u00edculos y de las c\u00e1maras frigor\u00edficas ubicadas en sus centros de distribuci\u00f3n.  Con esta soluci\u00f3n dispondr\u00e1s de un gran control sobre tus veh\u00edculos (temperatura, consumo, tiempos de conducci\u00f3n\u2026), y a su vez, de manera centralizada y sencilla, de todas tus c\u00e1maras frigor\u00edficas.   Nuestras distintas aplicaciones disponibles para los dispositivos m\u00f3viles te permitir\u00e1n mantener el control en todo momento, y podr\u00e1s brindar acceso externo a los clientes.\" \/>\n<meta property=\"og:url\" content=\"https:\/\/www.ags-atlantis.es\/en\/soluciones\/solucion-integral-vehiculos-camaras\/\" \/>\n<meta property=\"og:site_name\" content=\"Atlantis Global System\" \/>\n<meta property=\"article:modified_time\" content=\"2021-02-03T18:53:49+00:00\" \/>\n<meta property=\"og:image\" content=\"https:\/\/www.ags-atlantis.es\/wp-content\/uploads\/2020\/09\/coldchain.png\" \/>\n\t<meta property=\"og:image:width\" content=\"1280\" \/>\n\t<meta property=\"og:image:height\" content=\"853\" \/>\n\t<meta property=\"og:image:type\" content=\"image\/png\" \/>\n<meta name=\"twitter:card\" content=\"summary_large_image\" \/>\n<meta name=\"twitter:label1\" content=\"Est. reading time\" \/>\n\t<meta name=\"twitter:data1\" content=\"1 minute\" \/>\n<script type=\"application\/ld+json\" class=\"yoast-schema-graph\">{\"@context\":\"https:\\\/\\\/schema.org\",\"@graph\":[{\"@type\":\"WebPage\",\"@id\":\"https:\\\/\\\/www.ags-atlantis.es\\\/en\\\/soluciones\\\/solucion-integral-vehiculos-camaras\\\/\",\"url\":\"https:\\\/\\\/www.ags-atlantis.es\\\/en\\\/soluciones\\\/solucion-integral-vehiculos-camaras\\\/\",\"name\":\"Soluci\u00f3n integral para veh\u00edculos y c\u00e1maras - Atlantis Global System\",\"isPartOf\":{\"@id\":\"https:\\\/\\\/www.scb.ags-atlantis.es\\\/#website\"},\"primaryImageOfPage\":{\"@id\":\"https:\\\/\\\/www.ags-atlantis.es\\\/en\\\/soluciones\\\/solucion-integral-vehiculos-camaras\\\/#primaryimage\"},\"image\":{\"@id\":\"https:\\\/\\\/www.ags-atlantis.es\\\/en\\\/soluciones\\\/solucion-integral-vehiculos-camaras\\\/#primaryimage\"},\"thumbnailUrl\":\"\\\/wp-content\\\/uploads\\\/2020\\\/09\\\/coldchain.png\",\"datePublished\":\"2020-10-05T11:18:19+00:00\",\"dateModified\":\"2021-02-03T18:53:49+00:00\",\"breadcrumb\":{\"@id\":\"https:\\\/\\\/www.ags-atlantis.es\\\/en\\\/soluciones\\\/solucion-integral-vehiculos-camaras\\\/#breadcrumb\"},\"inLanguage\":\"en-US\",\"potentialAction\":[{\"@type\":\"ReadAction\",\"target\":[\"https:\\\/\\\/www.ags-atlantis.es\\\/en\\\/soluciones\\\/solucion-integral-vehiculos-camaras\\\/\"]}]},{\"@type\":\"ImageObject\",\"inLanguage\":\"en-US\",\"@id\":\"https:\\\/\\\/www.ags-atlantis.es\\\/en\\\/soluciones\\\/solucion-integral-vehiculos-camaras\\\/#primaryimage\",\"url\":\"\\\/wp-content\\\/uploads\\\/2020\\\/09\\\/coldchain.png\",\"contentUrl\":\"\\\/wp-content\\\/uploads\\\/2020\\\/09\\\/coldchain.png\",\"width\":1280,\"height\":853},{\"@type\":\"BreadcrumbList\",\"@id\":\"https:\\\/\\\/www.ags-atlantis.es\\\/en\\\/soluciones\\\/solucion-integral-vehiculos-camaras\\\/#breadcrumb\",\"itemListElement\":[{\"@type\":\"ListItem\",\"position\":1,\"name\":\"Portada\",\"item\":\"https:\\\/\\\/www.scb.ags-atlantis.es\\\/\"},{\"@type\":\"ListItem\",\"position\":2,\"name\":\"Soluciones\",\"item\":\"https:\\\/\\\/ags-atlantis.es\\\/soluciones\\\/\"},{\"@type\":\"ListItem\",\"position\":3,\"name\":\"Soluci\u00f3n integral para veh\u00edculos y c\u00e1maras\"}]},{\"@type\":\"WebSite\",\"@id\":\"https:\\\/\\\/www.scb.ags-atlantis.es\\\/#website\",\"url\":\"https:\\\/\\\/www.scb.ags-atlantis.es\\\/\",\"name\":\"Atlantis Global System\",\"description\":\"Soluciones Log\u00edsticas de Gesti\u00f3n y Movilidad\",\"potentialAction\":[{\"@type\":\"SearchAction\",\"target\":{\"@type\":\"EntryPoint\",\"urlTemplate\":\"https:\\\/\\\/www.scb.ags-atlantis.es\\\/?s={search_term_string}\"},\"query-input\":{\"@type\":\"PropertyValueSpecification\",\"valueRequired\":true,\"valueName\":\"search_term_string\"}}],\"inLanguage\":\"en-US\"}]}<\/script>\n<!-- \/ Yoast SEO plugin. -->","yoast_head_json":{"title":"Soluci\u00f3n integral para veh\u00edculos y c\u00e1maras - Atlantis Global System","robots":{"index":"index","follow":"follow","max-snippet":"max-snippet:-1","max-image-preview":"max-image-preview:large","max-video-preview":"max-video-preview:-1"},"canonical":"https:\/\/www.ags-atlantis.es\/en\/soluciones\/solucion-integral-vehiculos-camaras\/","og_locale":"en_US","og_type":"article","og_title":"Soluci\u00f3n integral para veh\u00edculos y c\u00e1maras - Atlantis Global System","og_description":"Nuestra Soluci\u00f3n Integral combina nuestras soluciones para Transporte Profesional y para C\u00e1maras Frigor\u00edficas. Est\u00e1 especialmente dise\u00f1ada para clientes que necesitan control y gesti\u00f3n telem\u00e1tica en tiempo real de sus flotas de veh\u00edculos y de las c\u00e1maras frigor\u00edficas ubicadas en sus centros de distribuci\u00f3n.  Con esta soluci\u00f3n dispondr\u00e1s de un gran control sobre tus veh\u00edculos (temperatura, consumo, tiempos de conducci\u00f3n\u2026), y a su vez, de manera centralizada y sencilla, de todas tus c\u00e1maras frigor\u00edficas.   Nuestras distintas aplicaciones disponibles para los dispositivos m\u00f3viles te permitir\u00e1n mantener el control en todo momento, y podr\u00e1s brindar acceso externo a los clientes.","og_url":"https:\/\/www.ags-atlantis.es\/en\/soluciones\/solucion-integral-vehiculos-camaras\/","og_site_name":"Atlantis Global System","article_modified_time":"2021-02-03T18:53:49+00:00","og_image":[{"width":1280,"height":853,"url":"https:\/\/www.ags-atlantis.es\/wp-content\/uploads\/2020\/09\/coldchain.png","type":"image\/png"}],"twitter_card":"summary_large_image","twitter_misc":{"Est. reading time":"1 minute"},"schema":{"@context":"https:\/\/schema.org","@graph":[{"@type":"WebPage","@id":"https:\/\/www.ags-atlantis.es\/en\/soluciones\/solucion-integral-vehiculos-camaras\/","url":"https:\/\/www.ags-atlantis.es\/en\/soluciones\/solucion-integral-vehiculos-camaras\/","name":"Soluci\u00f3n integral para veh\u00edculos y c\u00e1maras - Atlantis Global System","isPartOf":{"@id":"https:\/\/www.scb.ags-atlantis.es\/#website"},"primaryImageOfPage":{"@id":"https:\/\/www.ags-atlantis.es\/en\/soluciones\/solucion-integral-vehiculos-camaras\/#primaryimage"},"image":{"@id":"https:\/\/www.ags-atlantis.es\/en\/soluciones\/solucion-integral-vehiculos-camaras\/#primaryimage"},"thumbnailUrl":"\/wp-content\/uploads\/2020\/09\/coldchain.png","datePublished":"2020-10-05T11:18:19+00:00","dateModified":"2021-02-03T18:53:49+00:00","breadcrumb":{"@id":"https:\/\/www.ags-atlantis.es\/en\/soluciones\/solucion-integral-vehiculos-camaras\/#breadcrumb"},"inLanguage":"en-US","potentialAction":[{"@type":"ReadAction","target":["https:\/\/www.ags-atlantis.es\/en\/soluciones\/solucion-integral-vehiculos-camaras\/"]}]},{"@type":"ImageObject","inLanguage":"en-US","@id":"https:\/\/www.ags-atlantis.es\/en\/soluciones\/solucion-integral-vehiculos-camaras\/#primaryimage","url":"\/wp-content\/uploads\/2020\/09\/coldchain.png","contentUrl":"\/wp-content\/uploads\/2020\/09\/coldchain.png","width":1280,"height":853},{"@type":"BreadcrumbList","@id":"https:\/\/www.ags-atlantis.es\/en\/soluciones\/solucion-integral-vehiculos-camaras\/#breadcrumb","itemListElement":[{"@type":"ListItem","position":1,"name":"Portada","item":"https:\/\/www.scb.ags-atlantis.es\/"},{"@type":"ListItem","position":2,"name":"Soluciones","item":"https:\/\/ags-atlantis.es\/soluciones\/"},{"@type":"ListItem","position":3,"name":"Soluci\u00f3n integral para veh\u00edculos y c\u00e1maras"}]},{"@type":"WebSite","@id":"https:\/\/www.scb.ags-atlantis.es\/#website","url":"https:\/\/www.scb.ags-atlantis.es\/","name":"Atlantis Global System","description":"Soluciones Log\u00edsticas de Gesti\u00f3n y Movilidad","potentialAction":[{"@type":"SearchAction","target":{"@type":"EntryPoint","urlTemplate":"https:\/\/www.scb.ags-atlantis.es\/?s={search_term_string}"},"query-input":{"@type":"PropertyValueSpecification","valueRequired":true,"valueName":"search_term_string"}}],"inLanguage":"en-US"}]}},"_links":{"self":[{"href":"https:\/\/www.ags-atlantis.es\/en\/wp-json\/wp\/v2\/pages\/5785","targetHints":{"allow":["GET"]}}],"collection":[{"href":"https:\/\/www.ags-atlantis.es\/en\/wp-json\/wp\/v2\/pages"}],"about":[{"href":"https:\/\/www.ags-atlantis.es\/en\/wp-json\/wp\/v2\/types\/page"}],"author":[{"embeddable":true,"href":"https:\/\/www.ags-atlantis.es\/en\/wp-json\/wp\/v2\/users\/2"}],"replies":[{"embeddable":true,"href":"https:\/\/www.ags-atlantis.es\/en\/wp-json\/wp\/v2\/comments?post=5785"}],"version-history":[{"count":20,"href":"https:\/\/www.ags-atlantis.es\/en\/wp-json\/wp\/v2\/pages\/5785\/revisions"}],"predecessor-version":[{"id":7733,"href":"https:\/\/www.ags-atlantis.es\/en\/wp-json\/wp\/v2\/pages\/5785\/revisions\/7733"}],"up":[{"embeddable":true,"href":"https:\/\/www.ags-atlantis.es\/en\/wp-json\/wp\/v2\/pages\/17"}],"wp:featuredmedia":[{"embeddable":true,"href":"https:\/\/www.ags-atlantis.es\/en\/wp-json\/wp\/v2\/media\/5677"}],"wp:attachment":[{"href":"https:\/\/www.ags-atlantis.es\/en\/wp-json\/wp\/v2\/media?parent=5785"}],"curies":[{"name":"wp","href":"https:\/\/api.w.org\/{rel}","templated":true}]}}