{"id":6066,"date":"2020-10-13T16:23:49","date_gmt":"2020-10-13T16:23:49","guid":{"rendered":"https:\/\/wordpress-ags-atlantis-c7b0a5dmamd7a6ay.northeurope-01.azurewebsites.net\/?page_id=6066"},"modified":"2025-07-09T09:57:18","modified_gmt":"2025-07-09T09:57:18","slug":"socios-distribuidores","status":"publish","type":"page","link":"https:\/\/www.ags-atlantis.es\/en\/socios-distribuidores\/","title":{"rendered":"Distribution Partners"},"content":{"rendered":"<div class=\"wpb-content-wrapper\"><div class=\"vc_row wpb_row vc_row-fluid\"><div class=\"wpb_column vc_column_container vc_col-sm-12\"><div class=\"vc_column-inner\"><div class=\"wpb_wrapper\">\n\t<div class=\"wpb_text_column wpb_content_element\" >\n\t\t<div class=\"wpb_wrapper\">\n\t\t\t<h1>Distribution Partners<\/h1>\n<h3>We work with channel partners to adapt to the needs of your business.<\/h3>\n<h4>El compromiso de Atlantis Global System, S.L. con sus clientes va unido al de su canal de partners y distribuidores especialistas con el objetivo de adaptar al m\u00e1ximo nuestra tecnolog\u00eda y ofrecer un servicio m\u00e1s personalizado y adaptado a las necesidades de todo tipo de clientes. En la actualidad, algunos de los m\u00e1s importantes socios distribuidores de AGS son los siguientes:<\/h4>\n\n\t\t<\/div>\n\t<\/div>\n<\/div><\/div><\/div><\/div><div class=\"vc_row wpb_row vc_row-fluid\"><div class=\"wpb_column vc_column_container vc_col-sm-4\"><div class=\"vc_column-inner\"><div class=\"wpb_wrapper\"><div class=\"vc_row wpb_row vc_inner vc_row-fluid vc_custom_1606923796623\"><div class=\"wpb_column vc_column_container vc_col-sm-12\"><div class=\"vc_column-inner vc_custom_1606923916491\"><div class=\"wpb_wrapper\">\n\t<div class=\"wpb_text_column wpb_content_element\" >\n\t\t<div class=\"wpb_wrapper\">\n\t\t\t<h1><strong>REFRITRANS<\/strong><\/h1>\n\n\t\t<\/div>\n\t<\/div>\n<\/div><\/div><\/div><\/div>\n\t<div class=\"wpb_text_column wpb_content_element\" >\n\t\t<div class=\"wpb_wrapper\">\n\t\t\t<p>Integral Services for Transportation. Official Carrier Transicold service. Installation, maintenance, and repair of refrigeration equipment for transportation located in Murcia, Levante, and Albacete.<\/p>\n\n\t\t<\/div>\n\t<\/div>\n<\/div><\/div><\/div><div class=\"wpb_column vc_column_container vc_col-sm-4\"><div class=\"vc_column-inner\"><div class=\"wpb_wrapper\"><div class=\"vc_row wpb_row vc_inner vc_row-fluid vc_custom_1606923796623\"><div class=\"wpb_column vc_column_container vc_col-sm-12\"><div class=\"vc_column-inner vc_custom_1606923916491\"><div class=\"wpb_wrapper\">\n\t<div class=\"wpb_text_column wpb_content_element\" >\n\t\t<div class=\"wpb_wrapper\">\n\t\t\t<h1><strong>INTURASA P\u00c9REZ RUMBAO<\/strong><\/h1>\n\n\t\t<\/div>\n\t<\/div>\n\n\t<div class=\"wpb_text_column wpb_content_element\" >\n\t\t<div class=\"wpb_wrapper\">\n\t\t\t<p>The main automotive business group in Galicia, with 6 distribution and repair centers for industrial and light vehicles. Specialized assistance, efficiency, speed, and high technical competence, main values of customer service.<\/p>\n\n\t\t<\/div>\n\t<\/div>\n<\/div><\/div><\/div><\/div><\/div><\/div><\/div><div class=\"wpb_column vc_column_container vc_col-sm-4\"><div class=\"vc_column-inner\"><div class=\"wpb_wrapper\">\n\t<div class=\"wpb_text_column wpb_content_element\" >\n\t\t<div class=\"wpb_wrapper\">\n\t\t\t<h1><strong>JUAN FERIA<\/strong><\/h1>\n\n\t\t<\/div>\n\t<\/div>\n\n\t<div class=\"wpb_text_column wpb_content_element\" >\n\t\t<div class=\"wpb_wrapper\">\n\t\t\t<p>Thermo King Official Service. Sale, installation, and maintenance of refrigeration equipment, lifting platforms, and industrial vehicle bodies. Extensive experience, service capacity, and vocation for customer service.<\/p>\n\n\t\t<\/div>\n\t<\/div>\n<\/div><\/div><\/div><\/div><div class=\"vc_row wpb_row vc_row-fluid\"><div class=\"wpb_column vc_column_container vc_col-sm-4\"><div class=\"vc_column-inner\"><div class=\"wpb_wrapper\">\n\t<div class=\"wpb_text_column wpb_content_element\" >\n\t\t<div class=\"wpb_wrapper\">\n\t\t\t<h1><strong>MOTOR T\u00c0RREGA<\/strong><\/h1>\n\n\t\t<\/div>\n\t<\/div>\n\n\t<div class=\"wpb_text_column wpb_content_element\" >\n\t\t<div class=\"wpb_wrapper\">\n\t\t\t<p>Linked for 51 years to the Renault Trucks brand. Distribution, repair, and rental of industrial vehicles, as well as a wide service range for the truck sector. We are known for offering a quality, fast and efficient service from our workshops in T\u00e1rrega, Lleida, La Seu d'Urgell, Figueres, and Manresa.<\/p>\n\n\t\t<\/div>\n\t<\/div>\n<\/div><\/div><\/div><div class=\"wpb_column vc_column_container vc_col-sm-4\"><div class=\"vc_column-inner\"><div class=\"wpb_wrapper\">\n\t<div class=\"wpb_text_column wpb_content_element\" >\n\t\t<div class=\"wpb_wrapper\">\n\t\t\t<h1><strong>HWASUNG THERMO<\/strong><\/h1>\n\n\t\t<\/div>\n\t<\/div>\n\n\t<div class=\"wpb_text_column wpb_content_element\" >\n\t\t<div class=\"wpb_wrapper\">\n\t\t\t<p>A wide refrigeration equipment range for all kinds of vehicles. High-quality refrigeration and heating components. An internationally recognized brand, with a wide network of official services and 24\/7 assistance points.\u2003<\/p>\n\n\t\t<\/div>\n\t<\/div>\n<\/div><\/div><\/div><div class=\"wpb_column vc_column_container vc_col-sm-4\"><div class=\"vc_column-inner\"><div class=\"wpb_wrapper\">\n\t<div class=\"wpb_text_column wpb_content_element\" >\n\t\t<div class=\"wpb_wrapper\">\n\t\t\t<h1><strong>FRIGICOLL MURCIA<\/strong><\/h1>\n\n\t\t<\/div>\n\t<\/div>\n\n\t<div class=\"wpb_text_column wpb_content_element\" >\n\t\t<div class=\"wpb_wrapper\">\n\t\t\t<p>Ofrecemos soluciones integrales para veh\u00edculos frigor\u00edficos. Servicio Oficial THERMO KING. Venta, instalaci\u00f3n y mantenimiento de equipos frigor\u00edficos, plataformas elevadoras y carrocer\u00edas en veh\u00edculos industriales. Mas de 25 a\u00f1os de experiencia en el sector, vocaci\u00f3n de servicio y atenci\u00f3n al cliente.<\/p>\n\n\t\t<\/div>\n\t<\/div>\n<\/div><\/div><\/div><\/div>\n<\/div>","protected":false},"excerpt":{"rendered":"Socios distribuidores Trabajamos con el canal para adaptarnos a las necesidades de tu negocio El compromiso de Atlantis Global System, S.L. con sus clientes va unido al de su canal de partners y distribuidores especialistas con el objetivo de adaptar al m\u00e1ximo nuestra tecnolog\u00eda y ofrecer un servicio m\u00e1s personalizado y adaptado a las necesidades<a href=\"https:\/\/www.ags-atlantis.es\/en\/socios-distribuidores\/\" class=\"more-link\"><\/a>","protected":false},"author":2,"featured_media":0,"parent":0,"menu_order":0,"comment_status":"closed","ping_status":"closed","template":"","meta":{"footnotes":""},"class_list":["post-6066","page","type-page","status-publish","hentry"],"yoast_head":"<!-- This site is optimized with the Yoast SEO plugin v27.0 - https:\/\/yoast.com\/product\/yoast-seo-wordpress\/ -->\n<title>Socios distribuidores - Atlantis Global System<\/title>\n<meta name=\"robots\" content=\"index, follow, max-snippet:-1, max-image-preview:large, max-video-preview:-1\" \/>\n<link rel=\"canonical\" href=\"https:\/\/www.scb.ags-atlantis.es\/socios-distribuidores\/\" \/>\n<meta property=\"og:locale\" content=\"en_US\" \/>\n<meta property=\"og:type\" content=\"article\" \/>\n<meta property=\"og:title\" content=\"Socios distribuidores - Atlantis Global System\" \/>\n<meta property=\"og:url\" content=\"https:\/\/www.scb.ags-atlantis.es\/socios-distribuidores\/\" \/>\n<meta property=\"og:site_name\" content=\"Atlantis Global System\" \/>\n<meta property=\"article:modified_time\" content=\"2025-07-09T09:57:18+00:00\" \/>\n<meta name=\"twitter:card\" content=\"summary_large_image\" \/>\n<meta name=\"twitter:label1\" content=\"Est. reading time\" \/>\n\t<meta name=\"twitter:data1\" content=\"3 minutes\" \/>\n<script type=\"application\/ld+json\" class=\"yoast-schema-graph\">{\"@context\":\"https:\/\/schema.org\",\"@graph\":[{\"@type\":\"WebPage\",\"@id\":\"https:\/\/www.scb.ags-atlantis.es\/socios-distribuidores\/\",\"url\":\"https:\/\/www.scb.ags-atlantis.es\/socios-distribuidores\/\",\"name\":\"Socios distribuidores - Atlantis Global System\",\"isPartOf\":{\"@id\":\"https:\/\/ags-atlantis.es\/en\/#website\"},\"datePublished\":\"2020-10-13T16:23:49+00:00\",\"dateModified\":\"2025-07-09T09:57:18+00:00\",\"breadcrumb\":{\"@id\":\"https:\/\/www.scb.ags-atlantis.es\/socios-distribuidores\/#breadcrumb\"},\"inLanguage\":\"en-US\",\"potentialAction\":[{\"@type\":\"ReadAction\",\"target\":[\"https:\/\/www.scb.ags-atlantis.es\/socios-distribuidores\/\"]}]},{\"@type\":\"BreadcrumbList\",\"@id\":\"https:\/\/www.scb.ags-atlantis.es\/socios-distribuidores\/#breadcrumb\",\"itemListElement\":[{\"@type\":\"ListItem\",\"position\":1,\"name\":\"Portada\",\"item\":\"https:\/\/ags-atlantis.es\/en\/\"},{\"@type\":\"ListItem\",\"position\":2,\"name\":\"Socios distribuidores\"}]},{\"@type\":\"WebSite\",\"@id\":\"https:\/\/ags-atlantis.es\/en\/#website\",\"url\":\"https:\/\/ags-atlantis.es\/en\/\",\"name\":\"Atlantis Global System\",\"description\":\"Soluciones Log\u00edsticas de Gesti\u00f3n y Movilidad\",\"potentialAction\":[{\"@type\":\"SearchAction\",\"target\":{\"@type\":\"EntryPoint\",\"urlTemplate\":\"https:\/\/ags-atlantis.es\/en\/?s={search_term_string}\"},\"query-input\":{\"@type\":\"PropertyValueSpecification\",\"valueRequired\":true,\"valueName\":\"search_term_string\"}}],\"inLanguage\":\"en-US\"}]}<\/script>\n<!-- \/ Yoast SEO plugin. -->","yoast_head_json":{"title":"Socios distribuidores - Atlantis Global System","robots":{"index":"index","follow":"follow","max-snippet":"max-snippet:-1","max-image-preview":"max-image-preview:large","max-video-preview":"max-video-preview:-1"},"canonical":"https:\/\/www.scb.ags-atlantis.es\/socios-distribuidores\/","og_locale":"en_US","og_type":"article","og_title":"Socios distribuidores - Atlantis Global System","og_url":"https:\/\/www.scb.ags-atlantis.es\/socios-distribuidores\/","og_site_name":"Atlantis Global System","article_modified_time":"2025-07-09T09:57:18+00:00","twitter_card":"summary_large_image","twitter_misc":{"Est. reading time":"3 minutes"},"schema":{"@context":"https:\/\/schema.org","@graph":[{"@type":"WebPage","@id":"https:\/\/www.scb.ags-atlantis.es\/socios-distribuidores\/","url":"https:\/\/www.scb.ags-atlantis.es\/socios-distribuidores\/","name":"Socios distribuidores - Atlantis Global System","isPartOf":{"@id":"https:\/\/ags-atlantis.es\/en\/#website"},"datePublished":"2020-10-13T16:23:49+00:00","dateModified":"2025-07-09T09:57:18+00:00","breadcrumb":{"@id":"https:\/\/www.scb.ags-atlantis.es\/socios-distribuidores\/#breadcrumb"},"inLanguage":"en-US","potentialAction":[{"@type":"ReadAction","target":["https:\/\/www.scb.ags-atlantis.es\/socios-distribuidores\/"]}]},{"@type":"BreadcrumbList","@id":"https:\/\/www.scb.ags-atlantis.es\/socios-distribuidores\/#breadcrumb","itemListElement":[{"@type":"ListItem","position":1,"name":"Portada","item":"https:\/\/ags-atlantis.es\/en\/"},{"@type":"ListItem","position":2,"name":"Socios distribuidores"}]},{"@type":"WebSite","@id":"https:\/\/ags-atlantis.es\/en\/#website","url":"https:\/\/ags-atlantis.es\/en\/","name":"Atlantis Global System","description":"Soluciones Log\u00edsticas de Gesti\u00f3n y Movilidad","potentialAction":[{"@type":"SearchAction","target":{"@type":"EntryPoint","urlTemplate":"https:\/\/ags-atlantis.es\/en\/?s={search_term_string}"},"query-input":{"@type":"PropertyValueSpecification","valueRequired":true,"valueName":"search_term_string"}}],"inLanguage":"en-US"}]}},"_links":{"self":[{"href":"https:\/\/www.ags-atlantis.es\/en\/wp-json\/wp\/v2\/pages\/6066","targetHints":{"allow":["GET"]}}],"collection":[{"href":"https:\/\/www.ags-atlantis.es\/en\/wp-json\/wp\/v2\/pages"}],"about":[{"href":"https:\/\/www.ags-atlantis.es\/en\/wp-json\/wp\/v2\/types\/page"}],"author":[{"embeddable":true,"href":"https:\/\/www.ags-atlantis.es\/en\/wp-json\/wp\/v2\/users\/2"}],"replies":[{"embeddable":true,"href":"https:\/\/www.ags-atlantis.es\/en\/wp-json\/wp\/v2\/comments?post=6066"}],"version-history":[{"count":66,"href":"https:\/\/www.ags-atlantis.es\/en\/wp-json\/wp\/v2\/pages\/6066\/revisions"}],"predecessor-version":[{"id":9625,"href":"https:\/\/www.ags-atlantis.es\/en\/wp-json\/wp\/v2\/pages\/6066\/revisions\/9625"}],"wp:attachment":[{"href":"https:\/\/www.ags-atlantis.es\/en\/wp-json\/wp\/v2\/media?parent=6066"}],"curies":[{"name":"wp","href":"https:\/\/api.w.org\/{rel}","templated":true}]}}